{"id":199,"date":"2021-12-23T14:49:26","date_gmt":"2021-12-23T14:49:26","guid":{"rendered":"http:\/\/5seenhonig.com\/?page_id=199"},"modified":"2021-12-23T14:49:27","modified_gmt":"2021-12-23T14:49:27","slug":"impressum","status":"publish","type":"page","link":"https:\/\/5seenhonig.com\/?page_id=199","title":{"rendered":"Impressum"},"content":{"rendered":"\n<p><span role=\"presentation\" dir=\"ltr\">Rainer Dickhardt<\/span><br role=\"presentation\" \/><span role=\"presentation\" dir=\"ltr\">Walter-Volkers-Str. 5<\/span><br role=\"presentation\" \/><span role=\"presentation\" dir=\"ltr\">24306 Pl\u00f6n<\/span><\/p>\n<p><br role=\"presentation\" \/><span role=\"presentation\" dir=\"ltr\">Telefon: 04522 7658527<\/span><br role=\"presentation\" \/><span role=\"presentation\" dir=\"ltr\">E-Mail: <\/span><span role=\"presentation\" dir=\"ltr\">rdickhardt@outlook.de<\/span><\/p>\n<p><br role=\"presentation\" \/><strong><span role=\"presentation\" dir=\"ltr\">Verantwortlich f\u00fcr den Inhalt<\/span><\/strong><span role=\"presentation\" dir=\"ltr\"> (gem. \u00a7 55 Abs. 2 RStV):<\/span><br role=\"presentation\" \/><span role=\"presentation\" dir=\"ltr\">Rainer Dickhardt, Walter-Volkers-Str. 5, 24306 Pl\u00f6n<\/span><\/p>\n<h1><br role=\"presentation\" \/><span role=\"presentation\" dir=\"ltr\">Disclaimer \u2013 rechtliche Hinweise<\/span><\/h1>\n<h3><br role=\"presentation\" \/><span role=\"presentation\" dir=\"ltr\">\u00a7 1 Warnhinweis zu Inhalten<\/span><\/h3>\n<p><br role=\"presentation\" \/><span role=\"presentation\" dir=\"ltr\">Die kostenlosen und frei zug\u00e4nglichen Inhalte dieser Webseite wurden mit gr\u00f6\u00dftm\u00f6glicher Sorgfalt erstellt.<\/span><br role=\"presentation\" \/><span role=\"presentation\" dir=\"ltr\">Der Anbieter dieser Webseite \u00fcbernimmt jedoch keine Gew\u00e4hr f\u00fcr die Richtigkeit und Aktualit\u00e4t der<\/span><br role=\"presentation\" \/><span role=\"presentation\" dir=\"ltr\">bereitgestellten kostenlosen und frei zug\u00e4nglichen journalistischen Ratgeber und Nachrichten. Namentlich<\/span><br role=\"presentation\" \/><span role=\"presentation\" dir=\"ltr\">gekennzeichnete Beitr\u00e4ge geben die Meinung des jeweiligen Autors und nicht immer die Meinung des<\/span><br role=\"presentation\" \/><span role=\"presentation\" dir=\"ltr\">Anbieters wieder. Allein durch den Aufruf der kostenlosen und frei zug\u00e4nglichen Inhalte kommt keinerlei<\/span><br role=\"presentation\" \/><span role=\"presentation\" dir=\"ltr\">Vertragsverh\u00e4ltnis zwischen dem Nutzer und dem Anbieter zustande, insoweit fehlt es am<\/span><br role=\"presentation\" \/><span role=\"presentation\" dir=\"ltr\">Rechtsbindungswillen des Anbieters.<\/span><\/p>\n<h3><br role=\"presentation\" \/><span role=\"presentation\" dir=\"ltr\">\u00a7 2 Externe Links<\/span><\/h3>\n<p><br role=\"presentation\" \/><span role=\"presentation\" dir=\"ltr\">Diese Website enth\u00e4lt Verkn\u00fcpfungen zu Websites Dritter (&#8222;externe Links&#8220;). Diese Websites unterliegen der<\/span><br role=\"presentation\" \/><span role=\"presentation\" dir=\"ltr\">Haftung der jeweiligen Betreiber. Der Anbieter hat bei der erstmaligen Verkn\u00fcpfung der externen Links die<\/span><br role=\"presentation\" \/><span role=\"presentation\" dir=\"ltr\">fremden Inhalte daraufhin \u00fcberpr\u00fcft, ob etwaige Rechtsverst\u00f6\u00dfe bestehen. Zu dem Zeitpunkt waren keine<\/span><br role=\"presentation\" \/><span role=\"presentation\" dir=\"ltr\">Rechtsverst\u00f6\u00dfe ersichtlich. Der Anbieter hat keinerlei Einfluss auf die aktuelle und zuk\u00fcnftige Gestaltung<\/span><br role=\"presentation\" \/><span role=\"presentation\" dir=\"ltr\">und auf die Inhalte der verkn\u00fcpften Seiten. Das Setzen von externen Links bedeutet nicht, dass sich der<\/span><br role=\"presentation\" \/><span role=\"presentation\" dir=\"ltr\">Anbieter die hinter dem Verweis oder Link liegenden Inhalte zu Eigen macht. Eine st\u00e4ndige Kontrolle der<\/span><br role=\"presentation\" \/><span role=\"presentation\" dir=\"ltr\">externen Links ist f\u00fcr den Anbieter ohne konkrete Hinweise auf Rechtsverst\u00f6\u00dfe nicht zumutbar. Bei<\/span><br role=\"presentation\" \/><span role=\"presentation\" dir=\"ltr\">Kenntnis von Rechtsverst\u00f6\u00dfen werden jedoch derartige externe Links unverz\u00fcglich gel\u00f6scht.<\/span><\/p>\n<h3><br role=\"presentation\" \/><span role=\"presentation\" dir=\"ltr\">\u00a7 3 Urheber- und Leistungsschutzrechte<\/span><\/h3>\n<p><br role=\"presentation\" \/><span role=\"presentation\" dir=\"ltr\">Die auf dieser Website ver\u00f6ffentlichten Inhalte unterliegen dem deutschen Urheber- und<\/span><br role=\"presentation\" \/><span role=\"presentation\" dir=\"ltr\">Leistungsschutzrecht. Jede vom deutschen Urheber- und Leistungsschutzrecht nicht zugelassene<\/span><br role=\"presentation\" \/><span role=\"presentation\" dir=\"ltr\">Verwertung bedarf der vorherigen schriftlichen Zustimmung des Anbieters oder jeweiligen Rechteinhabers.<\/span><br role=\"presentation\" \/><span role=\"presentation\" dir=\"ltr\">Dies gilt insbesondere f\u00fcr Vervielf\u00e4ltigung, Bearbeitung, \u00dcbersetzung, Einspeicherung, Verarbeitung bzw.<\/span><br role=\"presentation\" \/><span role=\"presentation\" dir=\"ltr\">Wiedergabe von Inhalten in Datenbanken oder anderen elektronischen Medien und Systemen. Inhalte und<\/span><br role=\"presentation\" \/><span role=\"presentation\" dir=\"ltr\">Rechte Dritter sind dabei als solche gekennzeichnet. Die unerlaubte Vervielf\u00e4ltigung oder Weitergabe<\/span><br role=\"presentation\" \/><span role=\"presentation\" dir=\"ltr\">einzelner Inhalte oder kompletter Seiten ist nicht gestattet und strafbar. Lediglich die Herstellung von<\/span><br role=\"presentation\" \/><span role=\"presentation\" dir=\"ltr\">Kopien und Downloads f\u00fcr den pers\u00f6nlichen, privaten und nicht kommerziellen Gebrauch ist erlaubt.<\/span><br role=\"presentation\" \/><span role=\"presentation\" dir=\"ltr\">Die Darstellung dieser Website in fremden Frames ist nur mit schriftlicher Erlaubnis zul\u00e4ssig.<\/span><\/p>\n<h3><br role=\"presentation\" \/><span role=\"presentation\" dir=\"ltr\">\u00a7 4 Besondere Nutzungsbedingungen<\/span><\/h3>\n<p><br role=\"presentation\" \/><span role=\"presentation\" dir=\"ltr\">Soweit besondere Bedingungen f\u00fcr einzelne Nutzungen dieser Website von den vorgenannten<\/span><br role=\"presentation\" \/><span role=\"presentation\" dir=\"ltr\">Paragraphen abweichen, wird an entsprechender Stelle ausdr\u00fccklich darauf hingewiesen. In diesem Falle<\/span><br role=\"presentation\" \/><span role=\"presentation\" dir=\"ltr\">gelten im jeweiligen Einzelfall die besonderen Nutzungsbedingungen.<\/span><\/p>\n\n\n","protected":false},"excerpt":{"rendered":"<p>Rainer DickhardtWalter-Volkers-Str. 524306 Pl\u00f6n Telefon: 04522 7658527E-Mail: rdickhardt@outlook.de Verantwortlich f\u00fcr den Inhalt (gem. \u00a7 55 Abs. 2 RStV):Rainer Dickhardt, Walter-Volkers-Str. 5, 24306 Pl\u00f6n Disclaimer \u2013 rechtliche Hinweise \u00a7 1 Warnhinweis zu Inhalten Die kostenlosen und frei zug\u00e4nglichen Inhalte dieser Webseite wurden mit gr\u00f6\u00dftm\u00f6glicher Sorgfalt erstellt.Der Anbieter dieser Webseite \u00fcbernimmt jedoch [&hellip;]<\/p>\n","protected":false},"author":1,"featured_media":0,"parent":0,"menu_order":0,"comment_status":"closed","ping_status":"closed","template":"","meta":{"_mi_skip_tracking":false,"footnotes":""},"class_list":["post-199","page","type-page","status-publish","hentry"],"_links":{"self":[{"href":"https:\/\/5seenhonig.com\/index.php?rest_route=\/wp\/v2\/pages\/199","targetHints":{"allow":["GET"]}}],"collection":[{"href":"https:\/\/5seenhonig.com\/index.php?rest_route=\/wp\/v2\/pages"}],"about":[{"href":"https:\/\/5seenhonig.com\/index.php?rest_route=\/wp\/v2\/types\/page"}],"author":[{"embeddable":true,"href":"https:\/\/5seenhonig.com\/index.php?rest_route=\/wp\/v2\/users\/1"}],"replies":[{"embeddable":true,"href":"https:\/\/5seenhonig.com\/index.php?rest_route=%2Fwp%2Fv2%2Fcomments&post=199"}],"version-history":[{"count":1,"href":"https:\/\/5seenhonig.com\/index.php?rest_route=\/wp\/v2\/pages\/199\/revisions"}],"predecessor-version":[{"id":201,"href":"https:\/\/5seenhonig.com\/index.php?rest_route=\/wp\/v2\/pages\/199\/revisions\/201"}],"wp:attachment":[{"href":"https:\/\/5seenhonig.com\/index.php?rest_route=%2Fwp%2Fv2%2Fmedia&parent=199"}],"curies":[{"name":"wp","href":"https:\/\/api.w.org\/{rel}","templated":true}]}}